{"id":194,"date":"2024-09-13T14:03:13","date_gmt":"2024-09-13T12:03:13","guid":{"rendered":"http:\/\/emerix.es\/?page_id=194"},"modified":"2024-10-15T13:49:37","modified_gmt":"2024-10-15T11:49:37","slug":"contacto","status":"publish","type":"page","link":"https:\/\/emerix.es\/?page_id=194","title":{"rendered":"Contacto"},"content":{"rendered":"\t\t<div data-elementor-type=\"wp-page\" data-elementor-id=\"194\" class=\"elementor elementor-194\" data-elementor-post-type=\"page\">\n\t\t\t\t\t\t<div class=\"elementor-section elementor-top-section elementor-element elementor-element-4aa28eb0 elementor-section-boxed elementor-section-height-default elementor-section-height-default\" data-id=\"4aa28eb0\" data-element_type=\"section\" data-settings=\"{&quot;background_background&quot;:&quot;classic&quot;}\">\n\t\t\t\t\t\t\t<div class=\"elementor-background-overlay\"><\/div>\n\t\t\t\t\t\t\t<div class=\"elementor-container elementor-column-gap-default\">\n\t\t\t\t\t<div class=\"elementor-column elementor-col-100 elementor-top-column elementor-element elementor-element-1d897427\" data-id=\"1d897427\" data-element_type=\"column\">\n\t\t\t<div class=\"elementor-widget-wrap elementor-element-populated\">\n\t\t\t\t\t\t<div class=\"elementor-element elementor-element-ff325cf elementor-widget elementor-widget-spacer\" data-id=\"ff325cf\" data-element_type=\"widget\" data-widget_type=\"spacer.default\">\n\t\t\t\t<div class=\"elementor-widget-container\">\n\t\t\t\t\t\t\t<div class=\"elementor-spacer\">\n\t\t\t<div class=\"elementor-spacer-inner\"><\/div>\n\t\t<\/div>\n\t\t\t\t\t\t<\/div>\n\t\t\t\t<\/div>\n\t\t\t\t<div class=\"elementor-element elementor-element-f65143f elementor-invisible elementor-widget elementor-widget-heading\" data-id=\"f65143f\" data-element_type=\"widget\" data-settings=\"{&quot;_animation&quot;:&quot;fadeInUp&quot;,&quot;_animation_delay&quot;:260}\" data-widget_type=\"heading.default\">\n\t\t\t\t<div class=\"elementor-widget-container\">\n\t\t\t\t\t<h1 class=\"elementor-heading-title elementor-size-default\">Contacto\n<\/h1>\t\t\t\t<\/div>\n\t\t\t\t<\/div>\n\t\t\t\t<section class=\"elementor-section elementor-inner-section elementor-element elementor-element-6cbdf0fc elementor-section-boxed elementor-section-height-default elementor-section-height-default elementor-invisible\" data-id=\"6cbdf0fc\" data-element_type=\"section\" data-settings=\"{&quot;animation&quot;:&quot;zoomOutUp&quot;,&quot;animation_delay&quot;:380}\">\n\t\t\t\t\t\t<div class=\"elementor-container elementor-column-gap-custom\">\n\t\t\t\t\t<div class=\"elementor-column elementor-col-100 elementor-inner-column elementor-element elementor-element-12b52c5\" data-id=\"12b52c5\" data-element_type=\"column\" data-settings=\"{&quot;background_background&quot;:&quot;classic&quot;}\">\n\t\t\t<div class=\"elementor-widget-wrap elementor-element-populated\">\n\t\t\t\t\t\t<div class=\"elementor-element elementor-element-53c78dc elementor-widget elementor-widget-text-editor\" data-id=\"53c78dc\" data-element_type=\"widget\" data-widget_type=\"text-editor.default\">\n\t\t\t\t<div class=\"elementor-widget-container\">\n\t\t\t\t\t\t\t\t\t<p><strong>Ll\u00e1manos, escr\u00edbenos, env\u00edanos un mensaje&#8230; \u00a1Nos encantar\u00eda saber de ti!<\/strong><\/p><p>Puedes contactar con nosotros por diferentes v\u00edas y nuestro Departamento de Atenci\u00f3n al Cliente te responder\u00e1 atendiendo a tu solicitud<\/p><p>Rellena con tus datos el siguiente formulario. Te contestaremos lo antes posible.<\/p>\t\t\t\t\t\t\t\t<\/div>\n\t\t\t\t<\/div>\n\t\t\t\t<div class=\"elementor-element elementor-element-b7ae6f1 ui-e-submit-align-stretch elementor-widget elementor-widget-uicore-contact-form\" data-id=\"b7ae6f1\" data-element_type=\"widget\" data-widget_type=\"uicore-contact-form.default\">\n\t\t\t\t<div class=\"elementor-widget-container\">\n\t\t\t\t\t\n\t\t<form class=\"ui-e-form\" method=\"post\" name=\"New Form\">\n\n            <input type=\"hidden\" name=\"post_id\" value=\"194\"\/>\n            <input type=\"hidden\" name=\"widget_type\" value=\"contact-form\">\n\n            <input type=\"hidden\" name=\"required_fields_message\" value=\"Fill all required fields.\">\n\n\t\t\t<div class=\"ui-e-fields-wrp\">\n\n\t\t\t\t\n\t\t\t\t\t<div class=\"ui-e-field-type-text ui-e-field-group elementor-column ui-e-field-group-name elementor-col-50 \">\n\t\t\t\t\t\t\t\t\t\t\t\t\t\t\t<input size=\"1\" type=\"text\" name=\"form_fields[name]\" id=\"form-field-name\" class=\"ui-e-field  ui-e-field-textual\" placeholder=\"Nombre\" required=\"required\" aria-required=\"true\">\n\t\t\t\t\t\t\t\t\t\t\t\t\t<\/div>\n\n\t\t\t\t\n\t\t\t\t\t<div class=\"ui-e-field-type-email ui-e-field-group elementor-column ui-e-field-group-email elementor-col-50 \">\n\t\t\t\t\t\t\t\t\t\t\t\t\t\t\t<input size=\"1\" type=\"email\" name=\"form_fields[email]\" id=\"form-field-email\" class=\"ui-e-field  ui-e-field-textual\" placeholder=\"Email\" required=\"required\" aria-required=\"true\">\n\t\t\t\t\t\t\t\t\t\t\t\t\t<\/div>\n\n\t\t\t\t\n\t\t\t\t\t<div class=\"ui-e-field-type-tel ui-e-field-group elementor-column ui-e-field-group-field_a1e0414 elementor-col-50 \">\n\t\t\t\t\t\t\t\t\t\t\t\t\t\t\t<input size=\"1\" type=\"tel\" name=\"form_fields[field_a1e0414]\" id=\"form-field-field_a1e0414\" class=\"ui-e-field  ui-e-field-textual\" placeholder=\"Tel\u00e9fono\" required=\"required\" aria-required=\"true\">\n\t\t\t\t\t\t\t\t\t\t\t\t\t<\/div>\n\n\t\t\t\t\n\t\t\t\t\t<div class=\"ui-e-field-type-text ui-e-field-group elementor-column ui-e-field-group-field_7de403b elementor-col-50\">\n\t\t\t\t\t\t\t\t\t\t\t\t\t\t\t<input size=\"1\" type=\"text\" name=\"form_fields[field_7de403b]\" id=\"form-field-field_7de403b\" class=\"ui-e-field  ui-e-field-textual\" placeholder=\"Empresa\">\n\t\t\t\t\t\t\t\t\t\t\t\t\t<\/div>\n\n\t\t\t\t\n\t\t\t\t\t<div class=\"ui-e-field-type-address ui-e-field-group elementor-column ui-e-field-group-address elementor-col-100\">\n\t\t\t\t\t\t                                <label for=\"form-field-address\" class=\"ui-e-label\">\n                                    address (honeypot)                                <\/label>\n                            <input class=\"ui-e-field ui-e-h-p \" name=\"ui-e-h-p\" id=\"ui-e-h-p\" autocomplete=\"off\" tabindex=\"-1\"><\/input>\t\t\t\t\t<\/div>\n\n\t\t\t\t\n\t\t\t\t\t<div class=\"ui-e-field-type-textarea ui-e-field-group elementor-column ui-e-field-group-field_00c5d0f elementor-col-100 \">\n\t\t\t\t\t\t<textarea class=\"ui-e-field \" name=\"form_fields[field_00c5d0f]\" id=\"form-field-field_00c5d0f\" rows=\"4\" placeholder=\"Mensaje\" required=\"required\" aria-required=\"true\"><\/textarea>\t\t\t\t\t<\/div>\n\n\t\t\t\t\n\t\t\t\t\t<div class=\"ui-e-field-type-checkbox ui-e-field-group elementor-column ui-e-field-group-field_be37bfa elementor-col-100\">\n\t\t\t\t\t\t<div class=\"ui-e-field-subgroup  ui-e-subgroup-inline\"><span class=\"ui-e-field-option\"><input type=\"checkbox\" value=\"Al marcar acepto los T\u00e9rminos y condiciones de emerix.es\" id=\"form-field-field_be37bfa-0\" name=\"form_fields[field_be37bfa]\"> <label for=\"form-field-field_be37bfa-0\">Al marcar acepto los T\u00e9rminos y condiciones de emerix.es<\/label><\/span><\/div>\t\t\t\t\t<\/div>\n\n\t\t\t\t\n\t\t\t\t<div class=\"ui-e-field-group elementor-column ui-e-field-type-submit elementor-col-100 e-form__buttons\">\n\t\t\t\t\t<button type=\"submit\" class=\"elementor-button\">\n\t\t\t\t\t\t<span >\n\t\t\t\t\t\t\t\t\t\t\t\t\t\t\t<span class=\"\">\n\t\t\t\t\t\t\t\t\t\t\t\t\t\t\t\t\t\t\t\t\t\t\t\t\t\t<\/span>\n\t\t\t\t\t\t\t\t\t\t\t\t\t\t\t\t\t\t\t\t\t\t<span class=\"ui-e-text\">Enviar<\/span>\n\t\t\t\t\t\t\t\t\t\t\t\t\t<\/span>\n\t\t\t\t\t<\/button>\n\t\t\t\t<\/div>\n\n\t\t\t<\/div>\n\n            <div class=\"ui-e-message \">\n                           <\/div>\n\t\t<\/form>\n\t\t            <script>\n                window.ui_e_form_validation_messages = {\"required_fields\":\"Fill all required fields.\"};\n            <\/script>\n        \t\t\t\t<\/div>\n\t\t\t\t<\/div>\n\t\t\t\t\t<\/div>\n\t\t<\/div>\n\t\t\t\t\t<\/div>\n\t\t<\/section>\n\t\t\t\t\t<\/div>\n\t\t<\/div>\n\t\t\t\t\t<\/div>\n\t\t<\/div>\n\t\t\t\t<section class=\"elementor-section elementor-top-section elementor-element elementor-element-30c5a5b4 elementor-section-full_width elementor-section-height-default elementor-section-height-default\" data-id=\"30c5a5b4\" data-element_type=\"section\">\n\t\t\t\t\t\t<div class=\"elementor-container elementor-column-gap-default\">\n\t\t\t\t\t<div class=\"elementor-column elementor-col-100 elementor-top-column elementor-element elementor-element-64832bf\" data-id=\"64832bf\" data-element_type=\"column\">\n\t\t\t<div class=\"elementor-widget-wrap\">\n\t\t\t\t\t\t\t<\/div>\n\t\t<\/div>\n\t\t\t\t\t<\/div>\n\t\t<\/section>\n\t\t\t\t<\/div>\n\t\t","protected":false},"excerpt":{"rendered":"<p>Contacto Ll\u00e1manos, escr\u00edbenos, env\u00edanos un mensaje&#8230; \u00a1Nos encantar\u00eda saber de ti! Puedes contactar con nosotros por diferentes v\u00edas y nuestro Departamento de [&hellip;]<\/p>\n","protected":false},"author":1,"featured_media":0,"parent":0,"menu_order":0,"comment_status":"closed","ping_status":"closed","template":"","meta":{"footnotes":""},"class_list":["post-194","page","type-page","status-publish","hentry"],"_links":{"self":[{"href":"https:\/\/emerix.es\/index.php?rest_route=\/wp\/v2\/pages\/194","targetHints":{"allow":["GET"]}}],"collection":[{"href":"https:\/\/emerix.es\/index.php?rest_route=\/wp\/v2\/pages"}],"about":[{"href":"https:\/\/emerix.es\/index.php?rest_route=\/wp\/v2\/types\/page"}],"author":[{"embeddable":true,"href":"https:\/\/emerix.es\/index.php?rest_route=\/wp\/v2\/users\/1"}],"replies":[{"embeddable":true,"href":"https:\/\/emerix.es\/index.php?rest_route=%2Fwp%2Fv2%2Fcomments&post=194"}],"version-history":[{"count":34,"href":"https:\/\/emerix.es\/index.php?rest_route=\/wp\/v2\/pages\/194\/revisions"}],"predecessor-version":[{"id":631,"href":"https:\/\/emerix.es\/index.php?rest_route=\/wp\/v2\/pages\/194\/revisions\/631"}],"wp:attachment":[{"href":"https:\/\/emerix.es\/index.php?rest_route=%2Fwp%2Fv2%2Fmedia&parent=194"}],"curies":[{"name":"wp","href":"https:\/\/api.w.org\/{rel}","templated":true}]}}